{"id":5,"date":"2021-05-18T17:31:06","date_gmt":"2021-05-18T17:31:06","guid":{"rendered":"http:\/\/iisalmenpursiseura.fi\/?page_id=5"},"modified":"2026-04-24T08:12:36","modified_gmt":"2026-04-24T08:12:36","slug":"etusivu","status":"publish","type":"page","link":"https:\/\/iisalmenpursiseura.fi\/","title":{"rendered":"Etusivu"},"content":{"rendered":"\n<div class=\"wp-block-cover alignfull is-light is-style-default\" style=\"min-height:480px;aspect-ratio:unset;\"><img decoding=\"async\" class=\"wp-block-cover__image-background wp-image-228\" alt=\"\" src=\"https:\/\/iisalmenpursiseura.files.wordpress.com\/2021\/04\/wp_20180609_12_15_53_pro.jpg\" data-object-fit=\"cover\"\/><span aria-hidden=\"true\" class=\"wp-block-cover__background has-foreground-background-color has-background-dim-30 has-background-dim\"><\/span><div class=\"wp-block-cover__inner-container is-layout-flow wp-block-cover-is-layout-flow\">\n<h2 class=\"wp-block-heading\" id=\"tervetuloa-iisalmen-pursiseuran-kotisivuille\">!<\/h2>\n<\/div><\/div>\n\n\n\n<p><\/p>\n\n\n\n<p class=\"has-small-font-size\">Iisalmen Pursiseuran tukikohtana Saimaan alueen pursiseurojen j\u00e4senille toimii Haukiniemell\u00e4 sijaitseva Villa Castr\u00e9nin huvila. Pursiseurassa on j\u00e4seni\u00e4 noin 90, joista&nbsp;puolet on moottoriveneilij\u00f6it\u00e4 ja&nbsp;puolet purjehtijoita. Tervetuloa tutustumaan tiloihin ja toimintaan!<\/p>\n\n\n\n<p class=\"has-small-font-size\"> Jos haluat liitty\u00e4 j\u00e4seneksi, ilmoita&nbsp;yhteystietosi iisalmenpursiseura@gmail.com tai seuran sihteerille&nbsp;, niin saat ohjeet j\u00e4senmaksun maksamiseen.<\/p>\n\n\n\n<p class=\"has-small-font-size\"><\/p>\n\n\n\n<p class=\"has-small-font-size\">Iisalmen Pursiseura ry:n j\u00e4senmaksut v. 2026:<\/p>\n\n\n\n<p class=\"has-small-font-size\">Aikuiset 50 e. <\/p>\n\n\n\n<p class=\"has-small-font-size\">Huom. Yl\u00e4-Savon kuntien (Iisalmi, Sonkaj\u00e4rvi, Vierem\u00e4, Kiuruvesi) alueen ulkopuolisille uusille j\u00e4senille liittymismaksu 200e.<\/p>\n\n\n\n<p class=\"has-small-font-size\">Juniorij\u00e4senet  25 euroa, ei liittymismaksua.<\/p>\n\n\n\n<p class=\"has-small-font-size\">Tilinumero: Sp Optia FI67 4600 1040 0667 83<\/p>\n\n\n\n<p class=\"has-small-font-size\"><\/p>\n\n\n\n<p class=\"has-small-font-size\">Vuonna 2026 Saimaan ja P\u00e4ij\u00e4nteen alueen pursiseurojen j\u00e4senille laituripaikkamaksu 12e sis\u00e4lt\u00e4en saunamaksun.<\/p>\n\n\n\n<p class=\"has-small-font-size\">Katsastuksen hinnat: runkokatsastus 25 \u20ac, peruskatsastus 20 \u20ac.<\/p>\n\n\n\n<p><\/p>\n","protected":false},"excerpt":{"rendered":"<p>Iisalmen Pursiseuran tukikohtana Saimaan alueen pursiseurojen j\u00e4senille toimii Haukiniemell\u00e4 sijaitseva Villa Castr\u00e9nin huvila. Pursiseurassa on j\u00e4seni\u00e4 noin 90, joista&nbsp;puolet on moottoriveneilij\u00f6it\u00e4 ja&nbsp;puolet purjehtijoita. Tervetuloa tutustumaan tiloihin ja toimintaan! Jos haluat liitty\u00e4 j\u00e4seneksi, ilmoita&nbsp;yhteystietosi iisalmenpursiseura@gmail.com tai seuran sihteerille&nbsp;, niin saat ohjeet j\u00e4senmaksun maksamiseen. Iisalmen Pursiseura ry:n j\u00e4senmaksut v. 2026: Aikuiset 50 e. Huom. Yl\u00e4-Savon kuntien (Iisalmi, [&hellip;]<\/p>\n","protected":false},"author":2,"featured_media":0,"parent":0,"menu_order":0,"comment_status":"closed","ping_status":"closed","template":"","meta":{"footnotes":""},"class_list":["post-5","page","type-page","status-publish","hentry"],"yoast_head":"<!-- This site is optimized with the Yoast SEO plugin v27.5 - https:\/\/yoast.com\/product\/yoast-seo-wordpress\/ -->\n<title>Etusivu - Iisalmen Pursiseura<\/title>\n<meta name=\"robots\" content=\"index, follow, max-snippet:-1, max-image-preview:large, max-video-preview:-1\" \/>\n<link rel=\"canonical\" href=\"https:\/\/iisalmenpursiseura.fi\/\" \/>\n<meta property=\"og:locale\" content=\"fi_FI\" \/>\n<meta property=\"og:type\" content=\"article\" \/>\n<meta property=\"og:title\" content=\"Etusivu - Iisalmen Pursiseura\" \/>\n<meta property=\"og:description\" content=\"Iisalmen Pursiseuran tukikohtana Saimaan alueen pursiseurojen j\u00e4senille toimii Haukiniemell\u00e4 sijaitseva Villa Castr\u00e9nin huvila. Pursiseurassa on j\u00e4seni\u00e4 noin 90, joista&nbsp;puolet on moottoriveneilij\u00f6it\u00e4 ja&nbsp;puolet purjehtijoita. Tervetuloa tutustumaan tiloihin ja toimintaan! Jos haluat liitty\u00e4 j\u00e4seneksi, ilmoita&nbsp;yhteystietosi iisalmenpursiseura@gmail.com tai seuran sihteerille&nbsp;, niin saat ohjeet j\u00e4senmaksun maksamiseen. Iisalmen Pursiseura ry:n j\u00e4senmaksut v. 2026: Aikuiset 50 e. Huom. Yl\u00e4-Savon kuntien (Iisalmi, [&hellip;]\" \/>\n<meta property=\"og:url\" content=\"https:\/\/iisalmenpursiseura.fi\/\" \/>\n<meta property=\"og:site_name\" content=\"Iisalmen Pursiseura\" \/>\n<meta property=\"article:modified_time\" content=\"2026-04-24T08:12:36+00:00\" \/>\n<meta name=\"twitter:card\" content=\"summary_large_image\" \/>\n<meta name=\"twitter:label1\" content=\"Arvioitu lukuaika\" \/>\n\t<meta name=\"twitter:data1\" content=\"1 minuutti\" \/>\n<script type=\"application\/ld+json\" class=\"yoast-schema-graph\">{\"@context\":\"https:\\\/\\\/schema.org\",\"@graph\":[{\"@type\":\"WebPage\",\"@id\":\"https:\\\/\\\/iisalmenpursiseura.fi\\\/\",\"url\":\"https:\\\/\\\/iisalmenpursiseura.fi\\\/\",\"name\":\"Etusivu - Iisalmen Pursiseura\",\"isPartOf\":{\"@id\":\"https:\\\/\\\/iisalmenpursiseura.fi\\\/#website\"},\"primaryImageOfPage\":{\"@id\":\"https:\\\/\\\/iisalmenpursiseura.fi\\\/#primaryimage\"},\"image\":{\"@id\":\"https:\\\/\\\/iisalmenpursiseura.fi\\\/#primaryimage\"},\"thumbnailUrl\":\"https:\\\/\\\/iisalmenpursiseura.files.wordpress.com\\\/2021\\\/04\\\/wp_20180609_12_15_53_pro.jpg\",\"datePublished\":\"2021-05-18T17:31:06+00:00\",\"dateModified\":\"2026-04-24T08:12:36+00:00\",\"breadcrumb\":{\"@id\":\"https:\\\/\\\/iisalmenpursiseura.fi\\\/#breadcrumb\"},\"inLanguage\":\"fi\",\"potentialAction\":[{\"@type\":\"ReadAction\",\"target\":[\"https:\\\/\\\/iisalmenpursiseura.fi\\\/\"]}]},{\"@type\":\"ImageObject\",\"inLanguage\":\"fi\",\"@id\":\"https:\\\/\\\/iisalmenpursiseura.fi\\\/#primaryimage\",\"url\":\"https:\\\/\\\/iisalmenpursiseura.files.wordpress.com\\\/2021\\\/04\\\/wp_20180609_12_15_53_pro.jpg\",\"contentUrl\":\"https:\\\/\\\/iisalmenpursiseura.files.wordpress.com\\\/2021\\\/04\\\/wp_20180609_12_15_53_pro.jpg\"},{\"@type\":\"BreadcrumbList\",\"@id\":\"https:\\\/\\\/iisalmenpursiseura.fi\\\/#breadcrumb\",\"itemListElement\":[{\"@type\":\"ListItem\",\"position\":1,\"name\":\"Home\",\"item\":\"https:\\\/\\\/iisalmenpursiseura.fi\\\/\"},{\"@type\":\"ListItem\",\"position\":2,\"name\":\"Etusivu\"}]},{\"@type\":\"WebSite\",\"@id\":\"https:\\\/\\\/iisalmenpursiseura.fi\\\/#website\",\"url\":\"https:\\\/\\\/iisalmenpursiseura.fi\\\/\",\"name\":\"Iisalmen Pursiseura\",\"description\":\"~ 1974 ~\",\"potentialAction\":[{\"@type\":\"SearchAction\",\"target\":{\"@type\":\"EntryPoint\",\"urlTemplate\":\"https:\\\/\\\/iisalmenpursiseura.fi\\\/?s={search_term_string}\"},\"query-input\":{\"@type\":\"PropertyValueSpecification\",\"valueRequired\":true,\"valueName\":\"search_term_string\"}}],\"inLanguage\":\"fi\"}]}<\/script>\n<!-- \/ Yoast SEO plugin. -->","yoast_head_json":{"title":"Etusivu - Iisalmen Pursiseura","robots":{"index":"index","follow":"follow","max-snippet":"max-snippet:-1","max-image-preview":"max-image-preview:large","max-video-preview":"max-video-preview:-1"},"canonical":"https:\/\/iisalmenpursiseura.fi\/","og_locale":"fi_FI","og_type":"article","og_title":"Etusivu - Iisalmen Pursiseura","og_description":"Iisalmen Pursiseuran tukikohtana Saimaan alueen pursiseurojen j\u00e4senille toimii Haukiniemell\u00e4 sijaitseva Villa Castr\u00e9nin huvila. Pursiseurassa on j\u00e4seni\u00e4 noin 90, joista&nbsp;puolet on moottoriveneilij\u00f6it\u00e4 ja&nbsp;puolet purjehtijoita. Tervetuloa tutustumaan tiloihin ja toimintaan! Jos haluat liitty\u00e4 j\u00e4seneksi, ilmoita&nbsp;yhteystietosi iisalmenpursiseura@gmail.com tai seuran sihteerille&nbsp;, niin saat ohjeet j\u00e4senmaksun maksamiseen. Iisalmen Pursiseura ry:n j\u00e4senmaksut v. 2026: Aikuiset 50 e. Huom. Yl\u00e4-Savon kuntien (Iisalmi, [&hellip;]","og_url":"https:\/\/iisalmenpursiseura.fi\/","og_site_name":"Iisalmen Pursiseura","article_modified_time":"2026-04-24T08:12:36+00:00","twitter_card":"summary_large_image","twitter_misc":{"Arvioitu lukuaika":"1 minuutti"},"schema":{"@context":"https:\/\/schema.org","@graph":[{"@type":"WebPage","@id":"https:\/\/iisalmenpursiseura.fi\/","url":"https:\/\/iisalmenpursiseura.fi\/","name":"Etusivu - Iisalmen Pursiseura","isPartOf":{"@id":"https:\/\/iisalmenpursiseura.fi\/#website"},"primaryImageOfPage":{"@id":"https:\/\/iisalmenpursiseura.fi\/#primaryimage"},"image":{"@id":"https:\/\/iisalmenpursiseura.fi\/#primaryimage"},"thumbnailUrl":"https:\/\/iisalmenpursiseura.files.wordpress.com\/2021\/04\/wp_20180609_12_15_53_pro.jpg","datePublished":"2021-05-18T17:31:06+00:00","dateModified":"2026-04-24T08:12:36+00:00","breadcrumb":{"@id":"https:\/\/iisalmenpursiseura.fi\/#breadcrumb"},"inLanguage":"fi","potentialAction":[{"@type":"ReadAction","target":["https:\/\/iisalmenpursiseura.fi\/"]}]},{"@type":"ImageObject","inLanguage":"fi","@id":"https:\/\/iisalmenpursiseura.fi\/#primaryimage","url":"https:\/\/iisalmenpursiseura.files.wordpress.com\/2021\/04\/wp_20180609_12_15_53_pro.jpg","contentUrl":"https:\/\/iisalmenpursiseura.files.wordpress.com\/2021\/04\/wp_20180609_12_15_53_pro.jpg"},{"@type":"BreadcrumbList","@id":"https:\/\/iisalmenpursiseura.fi\/#breadcrumb","itemListElement":[{"@type":"ListItem","position":1,"name":"Home","item":"https:\/\/iisalmenpursiseura.fi\/"},{"@type":"ListItem","position":2,"name":"Etusivu"}]},{"@type":"WebSite","@id":"https:\/\/iisalmenpursiseura.fi\/#website","url":"https:\/\/iisalmenpursiseura.fi\/","name":"Iisalmen Pursiseura","description":"~ 1974 ~","potentialAction":[{"@type":"SearchAction","target":{"@type":"EntryPoint","urlTemplate":"https:\/\/iisalmenpursiseura.fi\/?s={search_term_string}"},"query-input":{"@type":"PropertyValueSpecification","valueRequired":true,"valueName":"search_term_string"}}],"inLanguage":"fi"}]}},"_links":{"self":[{"href":"https:\/\/iisalmenpursiseura.fi\/index.php?rest_route=\/wp\/v2\/pages\/5","targetHints":{"allow":["GET"]}}],"collection":[{"href":"https:\/\/iisalmenpursiseura.fi\/index.php?rest_route=\/wp\/v2\/pages"}],"about":[{"href":"https:\/\/iisalmenpursiseura.fi\/index.php?rest_route=\/wp\/v2\/types\/page"}],"author":[{"embeddable":true,"href":"https:\/\/iisalmenpursiseura.fi\/index.php?rest_route=\/wp\/v2\/users\/2"}],"replies":[{"embeddable":true,"href":"https:\/\/iisalmenpursiseura.fi\/index.php?rest_route=%2Fwp%2Fv2%2Fcomments&post=5"}],"version-history":[{"count":21,"href":"https:\/\/iisalmenpursiseura.fi\/index.php?rest_route=\/wp\/v2\/pages\/5\/revisions"}],"predecessor-version":[{"id":186,"href":"https:\/\/iisalmenpursiseura.fi\/index.php?rest_route=\/wp\/v2\/pages\/5\/revisions\/186"}],"wp:attachment":[{"href":"https:\/\/iisalmenpursiseura.fi\/index.php?rest_route=%2Fwp%2Fv2%2Fmedia&parent=5"}],"curies":[{"name":"wp","href":"https:\/\/api.w.org\/{rel}","templated":true}]}}